{"id":35,"date":"2015-02-26T15:56:50","date_gmt":"2015-02-26T15:56:50","guid":{"rendered":"http:\/\/wp\/one-page\/?page_id=11"},"modified":"2025-07-15T16:09:12","modified_gmt":"2025-07-15T23:09:12","slug":"inicio","status":"publish","type":"page","link":"https:\/\/tupreparatoria.com.mx\/sitio\/","title":{"rendered":"Inicio"},"content":{"rendered":"<p>&lt;p&gt;<div id='fullscreen_slider_0' class='avia-fullscreen-slider main_color  container_wrap fullsize'   ><a href='#next-section' title='' class='scroll-down-link av-control-minimal' aria-hidden='true' data-av_icon='\ue877' data-av_iconfont='entypo-fontello'><\/a><div  data-size='large'  data-lightbox_size='large'  data-animation='fade'  data-ids='74,76'  data-video_counter='0'  data-autoplay='true'  data-bg_slider='true'  data-slide_height='100'  data-handle='av_fullscreen'  data-interval='5'  data-class=' '  data-css_id='fullscreen_slider_0'  data-scroll_down='aviaTBscroll_down'  data-control_layout='av-control-minimal'  data-custom_markup=''  data-perma_caption=''  data-autoplay_stopper=''  data-image_attachment=''  data-min_height='0px'  data-stretch=''  class='avia-slideshow avia-slideshow-1 av-slider-scroll-down-active av-control-minimal av-default-height-applied avia-slideshow-large av_fullscreen   avia-fade-slider '  itemscope=\"itemscope\" itemtype=\"https:\/\/schema.org\/ImageObject\" ><ul class='avia-slideshow-inner' style='padding-bottom: 43.495145631068%;'><li style='background-position:center center;' data-img-url='https:\/\/tupreparatoria.com.mx\/sitio\/wp-content\/uploads\/2018\/02\/tuprepa_banner_01-6-1030x448.jpg' class=' slide-1 ' ><div data-rel='slideshow-1' class='avia-slide-wrap'  ><div class = \"caption_fullwidth av-slideshow-caption caption_center\"><div class = \"container caption_container\"><div class = \"slideshow_caption\"><div class = \"slideshow_inner_caption\"><div class = \"slideshow_align_caption\"><h2  style='font-size:70px; color:#ffffff; ' class='avia-caption-title'  itemprop=\"name\" >CEUNO | Tu Preparatoria<\/h2><div class='avia-caption-content av_inherit_color'  itemprop=\"description\"   style='font-size:55px; color:#ffffff; '><p>&lt;\/p&gt;<br \/>\n&lt;p&gt;\u00a1Bienvenidos Gladiadores!&lt;\/p&gt;<br \/>\n&lt;p&gt;<\/p>\n<\/div><a href='https:\/\/api.whatsapp.com\/send?phone=526624249644'  class='avia-slideshow-button avia-button avia-color-green ' data-duration='800' data-easing='easeInOutQuad'>\u00a1Cont\u00e1ctanos ahora mismo!<\/a><\/div><\/div><\/div><\/div><\/div><\/div><\/li><li style='background-position:center center;' data-img-url='https:\/\/tupreparatoria.com.mx\/sitio\/wp-content\/uploads\/2018\/02\/tuprepa_banner_02-1030x448.jpg' class=' slide-2 ' ><div data-rel='slideshow-1' class='avia-slide-wrap'  ><div class = \"caption_fullwidth av-slideshow-caption caption_center\"><div class = \"container caption_container\"><div class = \"slideshow_caption\"><div class = \"slideshow_inner_caption\"><div class = \"slideshow_align_caption\"><h2  style='font-size:70px; color:#ffffff; ' class='avia-caption-title'  itemprop=\"name\" >CEUNO | Tu Preparatoria<\/h2><div class='avia-caption-content av_inherit_color'  itemprop=\"description\"   style='font-size:55px; color:#ffffff; '><p>&lt;\/p&gt;<br \/>\n&lt;p&gt;\u00a1Bienvenidos Gladiadores!&lt;\/p&gt;<br \/>\n&lt;p&gt;<\/p>\n<\/div><a href='https:\/\/api.whatsapp.com\/send?phone=526624249644'  class='avia-slideshow-button avia-button avia-color-green ' data-duration='800' data-easing='easeInOutQuad'>&lt;span class=\"fab fa-coffee\"&gt; \u00a1Contact\u00e1nos ahora mismo!&lt;\/span&gt; <\/a><\/div><\/div><\/div><\/div><\/div><\/div><\/li><\/ul><div class='avia-slideshow-arrows avia-slideshow-controls'><a href='#prev' class='prev-slide' aria-hidden='true' data-av_icon='\ue87c' data-av_iconfont='entypo-fontello'>Previous<\/a><a href='#next' class='next-slide' aria-hidden='true' data-av_icon='\ue87d' data-av_iconfont='entypo-fontello'>Next<\/a><\/div><div class='avia-slideshow-dots avia-slideshow-controls'><a href='#1' class='goto-slide active' >1<\/a><a href='#2' class='goto-slide ' >2<\/a><\/div><\/div><\/div><\/div><\/div><\/div><!-- close content main div --><\/div><\/div><div id='av-layout-grid-1' class='av-layout-grid-container entry-content-wrapper main_color av-flex-cells  container_wrap fullsize'   ><div class=\"flex_cell no_margin av_one_third   \" style='vertical-align:top; padding:30px; background-color:#dd620f; '><div class='flex_cell_inner' ><article class=\"iconbox iconbox_left_content   av-icon-style-no-border\"  itemscope=\"itemscope\" itemtype=\"https:\/\/schema.org\/CreativeWork\" ><a href='http:\/\/ceuno.com.mx\/evesoft\/evesoft_interesadosadd.php' title='Solicita Informaci\u00f3n'  class=\"iconbox_icon heading-color\" aria-hidden='true' data-av_icon='\ue83c' data-av_iconfont='entypo-fontello'  ><\/a><div class=\"iconbox_content\"><header class=\"entry-content-header\"><h3 class='iconbox_content_title'  itemprop=\"headline\"  ><a href='http:\/\/ceuno.com.mx\/evesoft\/evesoft_interesadosadd.php' title='Solicita Informaci\u00f3n' >Solicita Informaci\u00f3n<\/a><\/h3><\/header><div class='iconbox_content_container '  itemprop=\"text\"  ><p>&lt;\/p&gt;<br \/>\n&lt;p&gt;Registraste para obtener m\u00e1s informaci\u00f3n y gana fabulosos premios&lt;\/p&gt;<br \/>\n&lt;p&gt;<\/p>\n<\/div><\/div><footer class=\"entry-footer\"><\/footer><\/article>\n<\/div><\/div><div class=\"flex_cell no_margin av_one_third   \" style='vertical-align:top; padding:30px; background-color:#3eb8ea; '><div class='flex_cell_inner' ><article class=\"iconbox iconbox_left_content   av-icon-style-no-border\"  itemscope=\"itemscope\" itemtype=\"https:\/\/schema.org\/CreativeWork\" ><a href='http:\/\/tupreparatoria.com.mx\/sigesprepa\/c1ges_preinscripcionadd.php' title='Inscr\u00edbete en l\u00ednea'  class=\"iconbox_icon heading-color\" aria-hidden='true' data-av_icon='\ue8c9' data-av_iconfont='entypo-fontello'  ><\/a><div class=\"iconbox_content\"><header class=\"entry-content-header\"><h3 class='iconbox_content_title'  itemprop=\"headline\"  ><a href='http:\/\/tupreparatoria.com.mx\/sigesprepa\/c1ges_preinscripcionadd.php' title='Inscr\u00edbete en l\u00ednea' >Inscr\u00edbete en l\u00ednea<\/a><\/h3><\/header><div class='iconbox_content_container '  itemprop=\"text\"  ><p>&lt;\/p&gt;<br \/>\n&lt;p&gt;Inscripci\u00f3n en l\u00ednea para aspirantes de preparatoria&lt;\/p&gt;<br \/>\n&lt;p&gt;<\/p>\n<\/div><\/div><footer class=\"entry-footer\"><\/footer><\/article>\n<\/div><\/div><div class=\"flex_cell no_margin av_one_third   \" style='vertical-align:top; padding:30px; background-color:#ddc700; '><div class='flex_cell_inner' ><article class=\"iconbox iconbox_left_content   av-icon-style-no-border\"  itemscope=\"itemscope\" itemtype=\"https:\/\/schema.org\/CreativeWork\" ><a href='http:\/\/tupreparatoria.com.mx\/sigesprepa\/c1ges_pagosadd.php' title='Comprueba tus pagos'  class=\"iconbox_icon heading-color\" aria-hidden='true' data-av_icon='\ue8cf' data-av_iconfont='entypo-fontello'  ><\/a><div class=\"iconbox_content\"><header class=\"entry-content-header\"><h3 class='iconbox_content_title'  itemprop=\"headline\"  ><a href='http:\/\/tupreparatoria.com.mx\/sigesprepa\/c1ges_pagosadd.php' title='Comprueba tus pagos' >Comprueba tus pagos<\/a><\/h3><\/header><div class='iconbox_content_container '  itemprop=\"text\"  ><p>&lt;\/p&gt;<br \/>\n&lt;p&gt;Sube tu comprobante de pago para activaci\u00f3n de matr\u00edcula y ahorra tiempo&lt;\/p&gt;<br \/>\n&lt;p&gt;<\/p>\n<\/div><\/div><footer class=\"entry-footer\"><\/footer><\/article>\n<\/div><\/div><\/div><\/div><\/div><\/div><!-- close content main div --><\/div><\/div><div id='services' class='avia-section main_color avia-section-large avia-no-border-styling avia-full-stretch av-parallax-section av-section-color-overlay-active avia-bg-style-parallax  container_wrap fullsize'  data-section-bg-repeat='stretch' ><div class='av-parallax' data-avia-parallax-ratio='0.3' ><div class='av-parallax-inner main_color  avia-full-stretch' style = 'background-repeat: no-repeat; background-image: url(https:\/\/tupreparatoria.com.mx\/sitio\/wp-content\/uploads\/2018\/02\/gente_ceuno-3-300x199.jpg); background-attachment: scroll; background-position: top center; ' ><\/div><\/div><div class='av-section-color-overlay-wrap'><div class='av-section-color-overlay' style='opacity: 0.9; background-color: #000000; '><\/div><div class='container' ><div class='template-page content  av-content-full alpha units'><div class='post-entry post-entry-type-page post-entry-35'><div class='entry-content-wrapper clearfix'>&lt;\/p&gt;<br \/>\n&lt;p&gt;<div class=\"flex_column av_one_half  flex_column_div first  \" ><article class=\"iconbox iconbox_left_content   av-icon-style-no-border\"  itemscope=\"itemscope\" itemtype=\"https:\/\/schema.org\/CreativeWork\" ><div class=\"iconbox_icon heading-color\" aria-hidden='true' data-av_icon='\ue8c9' data-av_iconfont='entypo-fontello'  ><\/div><div class=\"iconbox_content\"><header class=\"entry-content-header\"><h3 class='iconbox_content_title'  itemprop=\"headline\"  >Docentes altamente calificados<\/h3><\/header><div class='iconbox_content_container '  itemprop=\"text\"  ><\/div><\/div><footer class=\"entry-footer\"><\/footer><\/article><\/div><div class=\"flex_column av_one_half  flex_column_div av-zero-column-padding   \" style='border-radius:0px; '><article class=\"iconbox iconbox_left_content   av-icon-style-no-border\"  itemscope=\"itemscope\" itemtype=\"https:\/\/schema.org\/CreativeWork\" ><div class=\"iconbox_icon heading-color\" aria-hidden='true' data-av_icon='\ue8b6' data-av_iconfont='entypo-fontello'  ><\/div><div class=\"iconbox_content\"><header class=\"entry-content-header\"><h3 class='iconbox_content_title'  itemprop=\"headline\"  >Eventos y viajes nacionales e internacionales<\/h3><\/header><div class='iconbox_content_container '  itemprop=\"text\"  ><\/div><\/div><footer class=\"entry-footer\"><\/footer><\/article><\/div><div class=\"flex_column av_one_half  flex_column_div av-zero-column-padding first  \" style='border-radius:0px; '><article class=\"iconbox iconbox_left_content   av-icon-style-no-border\"  itemscope=\"itemscope\" itemtype=\"https:\/\/schema.org\/CreativeWork\" ><div class=\"iconbox_icon heading-color\" aria-hidden='true' data-av_icon='\ue83c' data-av_iconfont='entypo-fontello'  ><\/div><div class=\"iconbox_content\"><header class=\"entry-content-header\"><h3 class='iconbox_content_title'  itemprop=\"headline\"  >Centro de idiomas<\/h3><\/header><div class='iconbox_content_container '  itemprop=\"text\"  ><\/div><\/div><footer class=\"entry-footer\"><\/footer><\/article><\/div><div class=\"flex_column av_one_half  flex_column_div av-zero-column-padding   \" style='border-radius:0px; '><article class=\"iconbox iconbox_left_content   av-icon-style-no-border\"  itemscope=\"itemscope\" itemtype=\"https:\/\/schema.org\/CreativeWork\" ><div class=\"iconbox_icon heading-color\" aria-hidden='true' data-av_icon='\ue80d' data-av_iconfont='entypo-fontello'  ><\/div><div class=\"iconbox_content\"><header class=\"entry-content-header\"><h3 class='iconbox_content_title'  itemprop=\"headline\"  >Aulas multimedia<\/h3><\/header><div class='iconbox_content_container '  itemprop=\"text\"  ><\/div><\/div><footer class=\"entry-footer\"><\/footer><\/article><\/div>&lt;\/p&gt;<br \/>\n&lt;p&gt;<\/div><\/div><\/div><!-- close content main div --><\/div><\/div><\/div><div id='eventos' class='avia-section main_color avia-section-huge avia-no-border-styling av-section-color-overlay-active avia-bg-style-scroll  av-minimum-height av-minimum-height-50 av-section-with-video-bg container_wrap fullsize'    data-section-video-ratio='16:9' ><div  data-size='featured'  data-lightbox_size='large'  data-animation='slide'  data-ids=''  data-video_counter='1'  data-autoplay='false'  data-bg_slider='false'  data-slide_height=''  data-handle=''  data-interval='5'  data-class=' av-section-video-bg'  data-css_id=''  data-scroll_down=''  data-control_layout=''  data-custom_markup=''  data-perma_caption=''  data-autoplay_stopper=''  data-image_attachment=''  data-min_height='0px'  data-default-height='28.666666666667'  class='avia-slideshow avia-slideshow-2  av-default-height-applied avia-slideshow-featured   av-section-video-bg avia-slide-slider '  itemscope=\"itemscope\" itemtype=\"https:\/\/schema.org\/ImageObject\" ><ul class='avia-slideshow-inner' style='padding-bottom: 28.666666666667%;'><li  data-controls='disabled' data-mute='1' data-loop='1' data-disable-autoplay=''  data-video-ratio='3.4883720930233' class=' av-video-slide  av-video-service-youtube  av-hide-video-controls av-mute-video av-loop-video av-single-slide slide-1 ' ><div data-rel='slideshow-2' class='avia-slide-wrap'  ><div class='av-click-overlay'><\/div><div class='mejs-mediaelement'><div height='1600' width='900' class='av_youtube_frame' id='player_35_380310124_1234153140'  data-autoplay='0'  data-videoid='edSUyOrXOr4'  data-hd='1'  data-rel='0'  data-wmode='opaque'  data-playlist='player_35_380310124_1234153140'  data-loop='0'  data-version='3'  data-autohide='1'  data-color='white'  data-controls='0'  data-showinfo='0'  data-iv_load_policy='3' ><\/div><\/div><\/div><\/li><\/ul><\/div><div class='av-section-color-overlay-wrap'><div class='av-section-color-overlay' style='opacity: 0.4; background-color: #000000; '><\/div><div class='container' ><div class='template-page content  av-content-full alpha units'><div class='post-entry post-entry-type-page post-entry-35'><div class='entry-content-wrapper clearfix'>&lt;\/p&gt;<br \/>\n&lt;p&gt;<div class=\"flex_column av_one_full  flex_column_div av-zero-column-padding first  \" style='border-radius:0px; '><div style='padding-bottom:10px;' class='av-special-heading av-special-heading-h1    '><h1 class='av-special-heading-tag'  itemprop=\"headline\"  >Los mejores eventos acad\u00e9micos, culturales y deportivos<\/h1><div class='special-heading-border'><div class='special-heading-inner-border' ><\/div><\/div><\/div><\/div><div class='avia-gallery avia-gallery-1 avia_lazyload avia_animate_when_visible '  itemscope=\"itemscope\" itemtype=\"https:\/\/schema.org\/ImageObject\" ><div class='avia-gallery-thumb'> <a href='https:\/\/tupreparatoria.com.mx\/sitio\/wp-content\/uploads\/2018\/02\/eventos_soccer-1.jpg' data-rel='gallery-1' data-prev-img='https:\/\/tupreparatoria.com.mx\/sitio\/wp-content\/uploads\/2018\/02\/eventos_soccer-1-495x400.jpg' class='first_thumb lightbox ' data-onclick='1' title='Eventos deportivos'  itemprop=\"thumbnailUrl\" ><img data-avia-tooltip='Eventos deportivos' src='https:\/\/tupreparatoria.com.mx\/sitio\/wp-content\/uploads\/2018\/02\/eventos_soccer-1-495x400.jpg' width='495' height='400'  title='eventos_soccer' alt='' \/><\/a> <a href='https:\/\/tupreparatoria.com.mx\/sitio\/wp-content\/uploads\/2018\/02\/eventos_concierto.jpg' data-rel='gallery-1' data-prev-img='https:\/\/tupreparatoria.com.mx\/sitio\/wp-content\/uploads\/2018\/02\/eventos_concierto-495x400.jpg' class='lightbox ' data-onclick='2' title='Conciertos'  itemprop=\"thumbnailUrl\" ><img data-avia-tooltip='Conciertos' src='https:\/\/tupreparatoria.com.mx\/sitio\/wp-content\/uploads\/2018\/02\/eventos_concierto-495x400.jpg' width='495' height='400'  title='eventos_concierto' alt='' \/><\/a> <a href='https:\/\/tupreparatoria.com.mx\/sitio\/wp-content\/uploads\/2018\/02\/evento_gladiador_coyote.jpg' data-rel='gallery-1' data-prev-img='https:\/\/tupreparatoria.com.mx\/sitio\/wp-content\/uploads\/2018\/02\/evento_gladiador_coyote-495x400.jpg' class='lightbox ' data-onclick='3' title='Eventos deportivos'  itemprop=\"thumbnailUrl\" ><img data-avia-tooltip='Eventos deportivos' src='https:\/\/tupreparatoria.com.mx\/sitio\/wp-content\/uploads\/2018\/02\/evento_gladiador_coyote-495x400.jpg' width='495' height='400'  title='evento_gladiador_coyote' alt='' \/><\/a> <a href='https:\/\/tupreparatoria.com.mx\/sitio\/wp-content\/uploads\/2018\/02\/eventos_gastronomia.jpg' data-rel='gallery-1' data-prev-img='https:\/\/tupreparatoria.com.mx\/sitio\/wp-content\/uploads\/2018\/02\/eventos_gastronomia-495x400.jpg' class='lightbox ' data-onclick='4' title='Eventos Gastron\u00f3micos'  itemprop=\"thumbnailUrl\" ><img data-avia-tooltip='Eventos Gastron\u00f3micos' src='https:\/\/tupreparatoria.com.mx\/sitio\/wp-content\/uploads\/2018\/02\/eventos_gastronomia-495x400.jpg' width='495' height='400'  title='eventos_gastronomia' alt='' \/><\/a><\/div><\/div>&lt;\/p&gt;<br \/>\n&lt;p&gt;<\/div><\/div><\/div><!-- close content main div --><\/div><\/div><\/div><div id='contacto' class='avia-section header_color avia-section-default avia-no-border-styling avia-full-stretch av-parallax-section av-section-color-overlay-active avia-bg-style-parallax  av-minimum-height av-minimum-height-50 container_wrap fullsize' style = 'background-color: #1d3f98; ' data-section-bg-repeat='stretch' ><div class='av-parallax' data-avia-parallax-ratio='0.3' ><div class='av-parallax-inner header_color  avia-full-stretch' style = 'background-color: #1d3f98; background-repeat: no-repeat; background-image: url(https:\/\/tupreparatoria.com.mx\/sitio\/wp-content\/uploads\/2018\/02\/ceuno_campus2-300x144.jpg); background-attachment: scroll; background-position: top center; ' ><\/div><\/div><div class='av-section-color-overlay-wrap'><div class='av-section-color-overlay' style='opacity: 0.9; background-image: url(https:\/\/tupreparatoria.com.mx\/sitio\/wp-content\/themes\/enfold\/images\/background-images\/grunge-light.png); background-repeat: repeat;'><\/div><div class='container' ><div class='template-page content  av-content-full alpha units'><div class='post-entry post-entry-type-page post-entry-35'><div class='entry-content-wrapper clearfix'>&lt;\/p&gt;<br \/>\n&lt;p&gt;<div class=\"flex_column av_one_full  av-animated-generic top-to-bottom  flex_column_div av-zero-column-padding first  \" style='border-radius:0px; '><div style='text-align:center; font-size:49px; ' class='av-rotator-container av-rotation-container-center  av-fixed-rotator-width' data-interval='3' data-animation='1' data-fixWidth='1'><h1 class='av-rotator-container-inner'>Las inscripciones est\u00e1n abiertas<span class='av-rotator-text av-rotator-multiline-off'>&lt;\/p&gt;<br \/>\n&lt;p&gt;<span  class='av-rotator-text-single av-rotator-text-single-1'>\u00a1No te quedes fuera!<\/span>&lt;\/p&gt;<br \/>\n&lt;p&gt;<span  class='av-rotator-text-single av-rotator-text-single-2'>Tenemos un lugar para ti...<\/span>&lt;\/p&gt;<br \/>\n&lt;p&gt;<\/span><\/h1><\/div><\/div>&lt;\/p&gt;<br \/>\n&lt;p&gt;<\/div><\/div><\/div><!-- close content main div --><\/div><\/div><\/div><div id='contacto' class='avia-section header_color avia-section-small avia-no-border-styling avia-bg-style-scroll  container_wrap fullsize'   ><div class='container' ><div class='template-page content  av-content-full alpha units'><div class='post-entry post-entry-type-page post-entry-35'><div class='entry-content-wrapper clearfix'>&lt;\/p&gt;<br \/>\n&lt;p&gt;<div class=\"flex_column av_one_full  av-animated-generic top-to-bottom  flex_column_div av-zero-column-padding first  \" style='border-radius:0px; '><div style='padding-bottom:10px;font-size:30px;' class='av-special-heading av-special-heading-h3  blockquote modern-quote modern-centered   av-inherit-size'><h3 class='av-special-heading-tag'  itemprop=\"headline\"  >Mantente en contacto con nosotros por cualquier medio CEUNO<\/h3><div class='special-heading-border'><div class='special-heading-inner-border' ><\/div><\/div><\/div><\/div>&lt;\/p&gt;<br \/>\n&lt;p&gt;<\/div><\/div><\/div><!-- close content main div --><\/div><\/div><div id='contacto' class='avia-section alternate_color avia-section-small avia-no-border-styling avia-full-stretch av-parallax-section av-section-color-overlay-active avia-bg-style-parallax  container_wrap fullsize'  data-section-bg-repeat='stretch' ><div class='av-parallax' data-avia-parallax-ratio='0.3' ><div class='av-parallax-inner alternate_color  avia-full-stretch' style = 'background-repeat: no-repeat; background-image: url(https:\/\/tupreparatoria.com.mx\/sitio\/wp-content\/uploads\/2018\/02\/estudiante_alumna-300x200.jpg); background-attachment: scroll; background-position: center center; ' ><\/div><\/div><div class='av-section-color-overlay-wrap'><div class='av-section-color-overlay' style='opacity: 0.9; background-color: #000000; '><\/div><div class='container' ><div class='template-page content  av-content-full alpha units'><div class='post-entry post-entry-type-page post-entry-35'><div class='entry-content-wrapper clearfix'>&lt;\/p&gt;<br \/>\n&lt;p&gt;<div class=\"flex_column av_one_fourth  av-animated-generic left-to-right  flex_column_div av-zero-column-padding first  \" style='border-radius:0px; '><span class=\"av_font_icon avia_animate_when_visible av-icon-style-border  avia-icon-pos-center \" style=\"color:#ffffff; border-color:#ffffff;\"><a href='https:\/\/api.whatsapp.com\/send?phone=6624249644'   class='av-icon-char' style='font-size:40px;line-height:40px;width:40px;' aria-hidden='true' data-av_icon='\ue854' data-av_iconfont='entypo-fontello' ><\/a><\/span><\/div><div class=\"flex_column av_one_fourth  av-animated-generic left-to-right  flex_column_div av-zero-column-padding   \" style='border-radius:0px; '><span class=\"av_font_icon avia_animate_when_visible av-icon-style-border  avia-icon-pos-center \" style=\"color:#ffffff; border-color:#ffffff;\"><a href='https:\/\/m.facebook.com\/Tu-Preparatoria-142283506466233\/'   class='av-icon-char' style='font-size:40px;line-height:40px;width:40px;' aria-hidden='true' data-av_icon='\ue8f3' data-av_iconfont='entypo-fontello' ><\/a><\/span><\/div><div class=\"flex_column av_one_fourth  av-animated-generic right-to-left  flex_column_div av-zero-column-padding   \" style='border-radius:0px; '><span class=\"av_font_icon avia_animate_when_visible av-icon-style-border  avia-icon-pos-center \" style=\"color:#ffffff; border-color:#ffffff;\"><a href='https:\/\/www.youtube.com\/channel\/UCJojOsi3uqLtrJpP1Mkm1ug'   class='av-icon-char' style='font-size:40px;line-height:40px;width:40px;' aria-hidden='true' data-av_icon='\ue921' data-av_iconfont='entypo-fontello' ><\/a><\/span><\/div><div class=\"flex_column av_one_fourth  av-animated-generic right-to-left  flex_column_div av-zero-column-padding   \" style='border-radius:0px; '><span class=\"av_font_icon avia_animate_when_visible av-icon-style-border  avia-icon-pos-center \" style=\"color:#ffffff; border-color:#ffffff;\"><a href='https:\/\/twitter.com\/ceunooficial?lang=es'   class='av-icon-char' style='font-size:40px;line-height:40px;width:40px;' aria-hidden='true' data-av_icon='\ue8f1' data-av_iconfont='entypo-fontello' ><\/a><\/span><\/div><div class=\"flex_column av_one_full  av-animated-generic bottom-to-top  flex_column_div av-zero-column-padding first  \" style='border-radius:0px; '><form action=\"https:\/\/tupreparatoria.com.mx\/sitio\/\" method=\"post\"  class=\"avia_ajax_form av-form-labels-visible   av-centered-form  av-custom-form-color av-light-form\" data-avia-form-id=\"1\" data-avia-redirect=''><fieldset><h3>\u00a1M\u00e1ndanos un e-mail!<\/h3><p class=' first_form  form_element form_fullwidth' id='element_avia_1_1'><label for=\"avia_1_1\">Nombre <abbr class=\"required\" title=\"required\">*<\/abbr><\/label> <input name=\"avia_1_1\" class=\"text_input is_empty\" type=\"text\" id=\"avia_1_1\" value=\"\" \/><\/p><p class=' first_form  form_element form_fullwidth' id='element_avia_2_1'><label for=\"avia_2_1\">E-Mail <abbr class=\"required\" title=\"required\">*<\/abbr><\/label> <input name=\"avia_2_1\" class=\"text_input is_email\" type=\"text\" id=\"avia_2_1\" value=\"\" \/><\/p><p class=' first_form  form_element form_fullwidth' id='element_avia_3_1'><label for=\"avia_3_1\">Tema <abbr class=\"required\" title=\"required\">*<\/abbr><\/label> <input name=\"avia_3_1\" class=\"text_input is_empty\" type=\"text\" id=\"avia_3_1\" value=\"\" \/><\/p><p class=' first_form  form_element form_fullwidth av-last-visible-form-element' id='element_avia_4_1'>\t <label for=\"avia_4_1\" class=\"textare_label hidden textare_label_avia_4_1\">Mensaje <abbr class=\"required\" title=\"required\">*<\/abbr><\/label>\t <textarea  name=\"avia_4_1\" class=\"text_area is_empty\" cols=\"40\" rows=\"7\" id=\"avia_4_1\" ><\/textarea><\/p><p class=\"hidden\"><input type=\"text\" name=\"avia_5_1\" class=\"hidden \" id=\"avia_5_1\" value=\"\" \/><\/p><p class=\"form_element \"><input type=\"hidden\" value=\"1\" name=\"avia_generated_form1\" \/><input type=\"submit\" value=\"Enviar\" class=\"button\"  data-sending-label=\"Sending\"\/><\/p><\/fieldset><\/form><div id=\"ajaxresponse_1\" class=\"ajaxresponse ajaxresponse_1 hidden\"><\/div><\/div>&lt;\/p&gt;<br \/>\n&lt;p&gt;<div id='av_gmap_1' class='avia-google-map-container' data-mapid='1' style='height: 500px;'><\/div>&lt;\/p&gt;<\/p>\n","protected":false},"excerpt":{"rendered":"<p>&lt;p&gt;&lt;\/p&gt;<\/p>\n","protected":false},"author":1,"featured_media":0,"parent":0,"menu_order":0,"comment_status":"open","ping_status":"open","template":"","meta":{"footnotes":""},"class_list":["post-35","page","type-page","status-publish","hentry"],"_links":{"self":[{"href":"https:\/\/tupreparatoria.com.mx\/sitio\/wp-json\/wp\/v2\/pages\/35","targetHints":{"allow":["GET"]}}],"collection":[{"href":"https:\/\/tupreparatoria.com.mx\/sitio\/wp-json\/wp\/v2\/pages"}],"about":[{"href":"https:\/\/tupreparatoria.com.mx\/sitio\/wp-json\/wp\/v2\/types\/page"}],"author":[{"embeddable":true,"href":"https:\/\/tupreparatoria.com.mx\/sitio\/wp-json\/wp\/v2\/users\/1"}],"replies":[{"embeddable":true,"href":"https:\/\/tupreparatoria.com.mx\/sitio\/wp-json\/wp\/v2\/comments?post=35"}],"version-history":[{"count":152,"href":"https:\/\/tupreparatoria.com.mx\/sitio\/wp-json\/wp\/v2\/pages\/35\/revisions"}],"predecessor-version":[{"id":230,"href":"https:\/\/tupreparatoria.com.mx\/sitio\/wp-json\/wp\/v2\/pages\/35\/revisions\/230"}],"wp:attachment":[{"href":"https:\/\/tupreparatoria.com.mx\/sitio\/wp-json\/wp\/v2\/media?parent=35"}],"curies":[{"name":"wp","href":"https:\/\/api.w.org\/{rel}","templated":true}]}}